{"id":8,"date":"2025-10-01T09:15:57","date_gmt":"2025-10-01T12:15:57","guid":{"rendered":"http:\/\/localhost:8888\/samuellalmeida\/?page_id=8"},"modified":"2026-04-01T19:15:42","modified_gmt":"2026-04-01T19:15:42","slug":"samuell-almeida","status":"publish","type":"page","link":"https:\/\/samuellalmeida.com.br\/en\/","title":{"rendered":"Samuell Almeida"},"content":{"rendered":"<p class=\"hero-line hero-line-1\">MADE<\/p>\n<p id=\"dynamicWord\" class=\"hero-line hero-line-2\">ESPECIALMENTE &#8211; UNICAMENTE &#8211; EXCLUSIVAMENTE &#8211; SOB MEDIDA<\/p>\n<p class=\"hero-line hero-line-3\">FOR YOU<\/p>\n<p>&nbsp;<\/p>\n<h4>&#8220;Minha obra come\u00e7a muito antes da agulha: come\u00e7a em entender quem voc\u00ea \u00e9 e quem voc\u00ea quer ser naquele momento.&#8221; &#8211; Samuell Almeida<\/h4>\n<h2 class=\"home-noivas-title\">BRIDAL<\/h2>\n<p class=\"home-noivas-text\">For each bride, an exclusive moment: I bring her dream to life with the delicacy that this unique moment deserves.<\/p>\n<h2 class=\"home-evening-title\">EVENING<\/h2>\n<p class=\"home-evening-text\">Dresses that don't just accompany the night\u2014they illuminate it.<\/p>\n<h2 class=\"home-samuell-title\">SAMUELL ALMEIDA<\/h2>\n<p class=\"home-samuell-text\">I believe in the power of handcrafted items: each dress is a work of art born from the gaze, the hand, and the truth of the person who wears it.<\/p>\n<h1 class=\"home-atelieres-title\">VISIT OUR ATELIERS<\/h1>\n<p class=\"home-atelieres-subtitle\">Find an Atelier near you.<\/p>\n<h1 class=\"home-atelieres-title\">LATEST NEWS<\/h1>\n<p class=\"home-atelieres-subtitle\">Find the latest updates on Samuell Almeida's work.<\/p>","protected":false},"excerpt":{"rendered":"<p>Samuell Almeida \u00e9 uma marca dedicada \u00e0 cria\u00e7\u00e3o de vestidos autorais, artesanais e profundamente exclusivos. Cada pe\u00e7a nasce da uni\u00e3o entre t\u00e9cnica, sensibilidade e um olhar atento \u00e0 individualidade de cada mulher.<\/p>","protected":false},"author":1,"featured_media":1460,"parent":0,"menu_order":0,"comment_status":"closed","ping_status":"closed","template":"","meta":{"iawp_total_views":564,"footnotes":""},"class_list":["post-8","page","type-page","status-publish","has-post-thumbnail","hentry"],"_links":{"self":[{"href":"https:\/\/samuellalmeida.com.br\/en\/wp-json\/wp\/v2\/pages\/8","targetHints":{"allow":["GET"]}}],"collection":[{"href":"https:\/\/samuellalmeida.com.br\/en\/wp-json\/wp\/v2\/pages"}],"about":[{"href":"https:\/\/samuellalmeida.com.br\/en\/wp-json\/wp\/v2\/types\/page"}],"author":[{"embeddable":true,"href":"https:\/\/samuellalmeida.com.br\/en\/wp-json\/wp\/v2\/users\/1"}],"replies":[{"embeddable":true,"href":"https:\/\/samuellalmeida.com.br\/en\/wp-json\/wp\/v2\/comments?post=8"}],"version-history":[{"count":4,"href":"https:\/\/samuellalmeida.com.br\/en\/wp-json\/wp\/v2\/pages\/8\/revisions"}],"predecessor-version":[{"id":1550,"href":"https:\/\/samuellalmeida.com.br\/en\/wp-json\/wp\/v2\/pages\/8\/revisions\/1550"}],"wp:featuredmedia":[{"embeddable":true,"href":"https:\/\/samuellalmeida.com.br\/en\/wp-json\/wp\/v2\/media\/1460"}],"wp:attachment":[{"href":"https:\/\/samuellalmeida.com.br\/en\/wp-json\/wp\/v2\/media?parent=8"}],"curies":[{"name":"wp","href":"https:\/\/api.w.org\/{rel}","templated":true}]}}